{"id":36432,"date":"2023-02-08T22:19:32","date_gmt":"2023-02-08T19:19:32","guid":{"rendered":"https:\/\/sgdd.org.tr\/asam-bank-account-information-for-donation\/"},"modified":"2024-09-20T14:22:08","modified_gmt":"2024-09-20T11:22:08","slug":"asam-bank-account-information-for-donation","status":"publish","type":"page","link":"https:\/\/sgdd.org.tr\/en\/asam-bank-account-information-for-donation\/","title":{"rendered":"ASAM Bank Account Information for Donation"},"content":{"rendered":"\t\t<div data-elementor-type=\"wp-page\" data-elementor-id=\"36432\" class=\"elementor elementor-36432 elementor-34384\" data-elementor-post-type=\"page\">\n\t\t\t\t\t\t<section class=\"elementor-section elementor-top-section elementor-element elementor-element-e5ee501 elementor-section-boxed elementor-section-height-default elementor-section-height-default\" data-id=\"e5ee501\" data-element_type=\"section\" data-e-type=\"section\">\n\t\t\t\t\t\t<div class=\"elementor-container elementor-column-gap-default\">\n\t\t\t\t\t<div class=\"elementor-column elementor-col-66 elementor-top-column elementor-element elementor-element-78d9239\" data-id=\"78d9239\" data-element_type=\"column\" data-e-type=\"column\">\n\t\t\t<div class=\"elementor-widget-wrap elementor-element-populated\">\n\t\t\t\t\t\t<div class=\"elementor-element elementor-element-d184048 elementor-widget elementor-widget-heading\" data-id=\"d184048\" data-element_type=\"widget\" data-e-type=\"widget\" data-widget_type=\"heading.default\">\n\t\t\t\t<div class=\"elementor-widget-container\">\n\t\t\t\t\t<h3 class=\"elementor-heading-title elementor-size-default\">TRY BANK ACCOUNT INFORMATION<\/h3>\t\t\t\t<\/div>\n\t\t\t\t<\/div>\n\t\t\t\t<div class=\"elementor-element elementor-element-580bac9 elementor-widget elementor-widget-text-editor\" data-id=\"580bac9\" data-element_type=\"widget\" data-e-type=\"widget\" data-widget_type=\"text-editor.default\">\n\t\t\t\t<div class=\"elementor-widget-container\">\n\t\t\t\t\t\t\t\t\t<p><strong>Account Holder<\/strong><strong>:<\/strong>\u00a0SI\u011eINMACI VE G\u00d6\u00c7MENLERLE DAYANI\u015eMA DERNE\u011e\u0130<\/p>\n<p><strong>Name and Place of the Bank<\/strong><strong>:\u00a0<\/strong>AKBANK T.A.\u015e. \/ \u00c7AYYOLU MAH. 8. CAD. 16. SOKAK HEK\u0130MK\u00d6Y S\u0130TES\u0130 NO:3 \u00dcM\u0130TK\u00d6Y\/\u00c7ANKAYA\/ANKARA\/T\u00dcRK\u0130YE<\/p>\n<p><strong>Account Currency<\/strong><strong>:\u00a0<\/strong>TRY<\/p>\n<p><strong>Bank Code<\/strong><strong>:\u00a0<\/strong>0744<\/p>\n<p><strong>Swift Code:\u00a0<\/strong>AKBKTRIS<\/p>\n<p><strong>IBAN:<\/strong>\u00a0TR22 0004 6007 4488 8000 0756\u00a046<\/p>\n<p><strong>Explanation<\/strong><strong>:<\/strong>\u00a0<strong>DONATION<\/strong><\/p>\n\t\t\t\t\t\t\t\t<\/div>\n\t\t\t\t<\/div>\n\t\t\t\t<div class=\"elementor-element elementor-element-4b56318 elementor-widget-divider--view-line elementor-widget elementor-widget-divider\" data-id=\"4b56318\" data-element_type=\"widget\" data-e-type=\"widget\" data-widget_type=\"divider.default\">\n\t\t\t\t<div class=\"elementor-widget-container\">\n\t\t\t\t\t\t\t<div class=\"elementor-divider\">\n\t\t\t<span class=\"elementor-divider-separator\">\n\t\t\t\t\t\t<\/span>\n\t\t<\/div>\n\t\t\t\t\t\t<\/div>\n\t\t\t\t<\/div>\n\t\t\t\t<div class=\"elementor-element elementor-element-acb458a elementor-widget elementor-widget-heading\" data-id=\"acb458a\" data-element_type=\"widget\" data-e-type=\"widget\" data-widget_type=\"heading.default\">\n\t\t\t\t<div class=\"elementor-widget-container\">\n\t\t\t\t\t<h3 class=\"elementor-heading-title elementor-size-default\">USD BANK ACCOUNT INFORMATION<\/h3>\t\t\t\t<\/div>\n\t\t\t\t<\/div>\n\t\t\t\t<div class=\"elementor-element elementor-element-c117a19 elementor-widget elementor-widget-text-editor\" data-id=\"c117a19\" data-element_type=\"widget\" data-e-type=\"widget\" data-widget_type=\"text-editor.default\">\n\t\t\t\t<div class=\"elementor-widget-container\">\n\t\t\t\t\t\t\t\t\t<p><strong>Account Holder<\/strong><strong>:<\/strong>\u00a0SI\u011eINMACI VE G\u00d6\u00c7MENLERLE DAYANI\u015eMA DERNE\u011e\u0130<\/p>\n<p><strong>Name and Place of the Bank<\/strong><strong>:\u00a0<\/strong>AKBANK T.A.\u015e. \/ \u00c7AYYOLU MAH. 8. CAD. 16. SOKAK HEK\u0130MK\u00d6Y S\u0130TES\u0130 NO:3 \u00dcM\u0130TK\u00d6Y\/\u00c7ANKAYA\/ANKARA\/T\u00dcRK\u0130YE<\/p>\n<p><strong>Account Currency<\/strong><strong>:\u00a0<\/strong>USD<\/p>\n<p><strong>Bank Code<\/strong><strong>:\u00a0<\/strong>0744<\/p>\n<p><strong>Swift Code:\u00a0<\/strong>AKBKTRIS<\/p>\n<p><strong>IBAN:<\/strong>\u00a0TR64 0004 6007 4400 1000 1069\u00a088<\/p>\n<p><strong>Explanation<\/strong><strong>:<\/strong>\u00a0<strong>DONATION<\/strong><\/p>\n\t\t\t\t\t\t\t\t<\/div>\n\t\t\t\t<\/div>\n\t\t\t\t<div class=\"elementor-element elementor-element-1f36c14 elementor-widget-divider--view-line elementor-widget elementor-widget-divider\" data-id=\"1f36c14\" data-element_type=\"widget\" data-e-type=\"widget\" data-widget_type=\"divider.default\">\n\t\t\t\t<div class=\"elementor-widget-container\">\n\t\t\t\t\t\t\t<div class=\"elementor-divider\">\n\t\t\t<span class=\"elementor-divider-separator\">\n\t\t\t\t\t\t<\/span>\n\t\t<\/div>\n\t\t\t\t\t\t<\/div>\n\t\t\t\t<\/div>\n\t\t\t\t<div class=\"elementor-element elementor-element-5c9ca8e elementor-widget elementor-widget-heading\" data-id=\"5c9ca8e\" data-element_type=\"widget\" data-e-type=\"widget\" data-widget_type=\"heading.default\">\n\t\t\t\t<div class=\"elementor-widget-container\">\n\t\t\t\t\t<h3 class=\"elementor-heading-title elementor-size-default\">EUR BANK ACCOUNT INFORMATION<\/h3>\t\t\t\t<\/div>\n\t\t\t\t<\/div>\n\t\t\t\t<div class=\"elementor-element elementor-element-47d0b86 elementor-widget elementor-widget-text-editor\" data-id=\"47d0b86\" data-element_type=\"widget\" data-e-type=\"widget\" data-widget_type=\"text-editor.default\">\n\t\t\t\t<div class=\"elementor-widget-container\">\n\t\t\t\t\t\t\t\t\t<p><strong>Account Holder<\/strong><strong>:<\/strong>\u00a0SI\u011eINMACI VE G\u00d6\u00c7MENLERLE DAYANI\u015eMA DERNE\u011e\u0130<\/p>\n<p><strong>Name and Place of the Bank<\/strong><strong>:\u00a0<\/strong>AKBANK T.A.\u015e. \/ \u00c7AYYOLU MAH. 8. CAD. 16. SOKAK HEK\u0130MK\u00d6Y S\u0130TES\u0130 NO:3 \u00dcM\u0130TK\u00d6Y\/\u00c7ANKAYA\/ANKARA\/T\u00dcRK\u0130YE<\/p>\n<p><strong>Account Currency<\/strong><strong>:\u00a0<\/strong>EUR<\/p>\n<p><strong>Bank Code<\/strong><strong>:\u00a0<\/strong>0744<\/p>\n<p><strong>Swift Code<\/strong><strong>:\u00a0<\/strong>AKBKTRIS<\/p>\n<p><strong>IBAN:<\/strong>\u00a0TR32 0004 6007 4403 6000 0807\u00a066<\/p>\n<p><strong>Explanation:<\/strong>\u00a0<strong>DONATION<\/strong><\/p>\n\t\t\t\t\t\t\t\t<\/div>\n\t\t\t\t<\/div>\n\t\t\t\t<div class=\"elementor-element elementor-element-cd2baaa elementor-widget-divider--view-line elementor-widget elementor-widget-divider\" data-id=\"cd2baaa\" data-element_type=\"widget\" data-e-type=\"widget\" data-widget_type=\"divider.default\">\n\t\t\t\t<div class=\"elementor-widget-container\">\n\t\t\t\t\t\t\t<div class=\"elementor-divider\">\n\t\t\t<span class=\"elementor-divider-separator\">\n\t\t\t\t\t\t<\/span>\n\t\t<\/div>\n\t\t\t\t\t\t<\/div>\n\t\t\t\t<\/div>\n\t\t\t\t<div class=\"elementor-element elementor-element-88398a6 elementor-widget elementor-widget-heading\" data-id=\"88398a6\" data-element_type=\"widget\" data-e-type=\"widget\" data-widget_type=\"heading.default\">\n\t\t\t\t<div class=\"elementor-widget-container\">\n\t\t\t\t\t<h3 class=\"elementor-heading-title elementor-size-default\">GBP BANK ACCOUNT INFORMATION<\/h3>\t\t\t\t<\/div>\n\t\t\t\t<\/div>\n\t\t\t\t<div class=\"elementor-element elementor-element-5c7b6d6 elementor-widget elementor-widget-text-editor\" data-id=\"5c7b6d6\" data-element_type=\"widget\" data-e-type=\"widget\" data-widget_type=\"text-editor.default\">\n\t\t\t\t<div class=\"elementor-widget-container\">\n\t\t\t\t\t\t\t\t\t<p><strong>Account Holder<\/strong><strong>:<\/strong>\u00a0SI\u011eINMACI VE G\u00d6\u00c7MENLERLE DAYANI\u015eMA DERNE\u011e\u0130<\/p>\n<p><strong>Name and Place of the Bank<\/strong><strong>:\u00a0<\/strong>AKBANK T.A.\u015e. \/ \u00c7AYYOLU MAH. 8. CAD. 16. SOKAK HEK\u0130MK\u00d6Y S\u0130TES\u0130 NO:3 \u00dcM\u0130TK\u00d6Y\/\u00c7ANKAYA\/ANKARA\/T\u00dcRK\u0130YE<\/p>\n<p><strong>Account Currency<\/strong><strong>: GBP<\/strong><\/p>\n<p><strong>Bank Code<\/strong><strong>:\u00a0<\/strong>0744<\/p>\n<p><strong>Swift Code<\/strong><strong>:\u00a0<\/strong>AKBKTRIS<\/p>\n<p><strong>IBAN:\u00a0<\/strong>TR18 0004 6007 4400 3000 0790 36<\/p>\n<p><strong>Explanation:<\/strong>\u00a0<strong>DONATION<\/strong><\/p>\n\t\t\t\t\t\t\t\t<\/div>\n\t\t\t\t<\/div>\n\t\t\t\t\t<\/div>\n\t\t<\/div>\n\t\t\t\t<div class=\"elementor-column elementor-col-33 elementor-top-column elementor-element elementor-element-114c8b1\" data-id=\"114c8b1\" data-element_type=\"column\" data-e-type=\"column\">\n\t\t\t<div class=\"elementor-widget-wrap elementor-element-populated\">\n\t\t\t\t\t\t<section class=\"elementor-section elementor-inner-section elementor-element elementor-element-efa9310 elementor-section-boxed elementor-section-height-default elementor-section-height-default\" data-id=\"efa9310\" data-element_type=\"section\" data-e-type=\"section\" data-settings=\"{&quot;background_background&quot;:&quot;classic&quot;}\">\n\t\t\t\t\t\t<div class=\"elementor-container elementor-column-gap-default\">\n\t\t\t\t\t<div class=\"elementor-column elementor-col-100 elementor-inner-column elementor-element elementor-element-5e5a2f4\" data-id=\"5e5a2f4\" data-element_type=\"column\" data-e-type=\"column\" data-settings=\"{&quot;background_background&quot;:&quot;classic&quot;}\">\n\t\t\t<div class=\"elementor-widget-wrap elementor-element-populated\">\n\t\t\t\t\t\t<div class=\"elementor-element elementor-element-789995a elementor-widget elementor-widget-global elementor-global-37926 elementor-global-5257 elementor-widget-heading\" data-id=\"789995a\" data-element_type=\"widget\" data-e-type=\"widget\" data-widget_type=\"heading.default\">\n\t\t\t\t<div class=\"elementor-widget-container\">\n\t\t\t\t\t<h3 class=\"elementor-heading-title elementor-size-default\">Get subscribed!<\/h3>\t\t\t\t<\/div>\n\t\t\t\t<\/div>\n\t\t\t\t<div class=\"elementor-element elementor-element-4ce4846 elementor-widget elementor-widget-global elementor-global-36920 elementor-global-5270 elementor-widget-text-editor\" data-id=\"4ce4846\" data-element_type=\"widget\" data-e-type=\"widget\" data-widget_type=\"text-editor.default\">\n\t\t\t\t<div class=\"elementor-widget-container\">\n\t\t\t\t\t\t\t\t\t<div class=\"w-full border-b border-black\/10 dark:border-gray-900\/50 text-gray-800 dark:text-gray-100 group bg-gray-50 dark:bg-[#444654]\">\n<div class=\"text-base gap-4 md:gap-6 m-auto md:max-w-2xl lg:max-w-2xl xl:max-w-3xl p-4 md:py-6 flex lg:px-0\">\n<div class=\"relative flex w-[calc(100%-50px)] flex-col gap-1 md:gap-3 lg:w-[calc(100%-115px)]\">\n<div class=\"flex flex-grow flex-col gap-3\">\n<div class=\"min-h-[20px] flex flex-col items-start gap-4 whitespace-pre-wrap\">\n<div class=\"markdown prose w-full break-words dark:prose-invert light\">\n<p>Subscribe to our weekly email newsletter and be the first to read news from ASAM.<\/p>\n<\/div>\n<\/div>\n<\/div>\n<\/div>\n<\/div>\n<\/div>\n\t\t\t\t\t\t\t\t<\/div>\n\t\t\t\t<\/div>\n\t\t\t\t<div class=\"elementor-element elementor-element-ef8fd9b elementor-button-align-center elementor-widget elementor-widget-global elementor-global-37924 elementor-global-5263 elementor-widget-form\" data-id=\"ef8fd9b\" data-element_type=\"widget\" data-e-type=\"widget\" data-settings=\"{&quot;step_next_label&quot;:&quot;Next&quot;,&quot;step_previous_label&quot;:&quot;Previous&quot;,&quot;button_width&quot;:&quot;100&quot;,&quot;step_type&quot;:&quot;number_text&quot;,&quot;step_icon_shape&quot;:&quot;circle&quot;}\" data-widget_type=\"form.default\">\n\t\t\t\t<div class=\"elementor-widget-container\">\n\t\t\t\t\t\t\t<form class=\"elementor-form\" method=\"post\" name=\"Weekly newsletter\" aria-label=\"Weekly newsletter\">\n\t\t\t<input type=\"hidden\" name=\"post_id\" value=\"36432\"\/>\n\t\t\t<input type=\"hidden\" name=\"form_id\" value=\"ef8fd9b\"\/>\n\t\t\t<input type=\"hidden\" name=\"referer_title\" value=\"\" \/>\n\n\t\t\t\n\t\t\t<div class=\"elementor-form-fields-wrapper elementor-labels-\">\n\t\t\t\t\t\t\t\t<div class=\"elementor-field-type-email elementor-field-group elementor-column elementor-field-group-email elementor-col-100 elementor-field-required\">\n\t\t\t\t\t\t\t\t\t\t\t\t<label for=\"form-field-email\" class=\"elementor-field-label elementor-screen-only\">\n\t\t\t\t\t\t\t\tEmail\t\t\t\t\t\t\t<\/label>\n\t\t\t\t\t\t\t\t\t\t\t\t\t\t<input size=\"1\" type=\"email\" name=\"form_fields[email]\" id=\"form-field-email\" class=\"elementor-field elementor-size-sm  elementor-field-textual\" placeholder=\"e-mail\" required=\"required\">\n\t\t\t\t\t\t\t\t\t\t\t<\/div>\n\t\t\t\t\t\t\t\t<div class=\"elementor-field-group elementor-column elementor-field-type-submit elementor-col-100 e-form__buttons\">\n\t\t\t\t\t<button class=\"elementor-button elementor-size-sm\" type=\"submit\">\n\t\t\t\t\t\t<span class=\"elementor-button-content-wrapper\">\n\t\t\t\t\t\t\t\t\t\t\t\t\t\t\t\t\t\t\t\t\t\t<span class=\"elementor-button-text\">SUBSCRIBE<\/span>\n\t\t\t\t\t\t\t\t\t\t\t\t\t<\/span>\n\t\t\t\t\t<\/button>\n\t\t\t\t<\/div>\n\t\t\t<\/div>\n\t\t<\/form>\n\t\t\t\t\t\t<\/div>\n\t\t\t\t<\/div>\n\t\t\t\t\t<\/div>\n\t\t<\/div>\n\t\t\t\t\t<\/div>\n\t\t<\/section>\n\t\t\t\t<div class=\"elementor-element elementor-element-9a6cbf8 elementor-widget elementor-widget-image\" data-id=\"9a6cbf8\" data-element_type=\"widget\" data-e-type=\"widget\" data-widget_type=\"image.default\">\n\t\t\t\t<div class=\"elementor-widget-container\">\n\t\t\t\t\t\t\t\t\t\t\t\t\t\t\t<img fetchpriority=\"high\" decoding=\"async\" width=\"800\" height=\"448\" src=\"https:\/\/sgdd.org.tr\/wp-content\/uploads\/2021\/02\/sgdd_degerlerimiz_alt-1024x574.jpg\" class=\"attachment-large size-large wp-image-26485\" alt=\"\" srcset=\"https:\/\/sgdd.org.tr\/wp-content\/uploads\/2021\/02\/sgdd_degerlerimiz_alt-1024x574.jpg 1024w, https:\/\/sgdd.org.tr\/wp-content\/uploads\/2021\/02\/sgdd_degerlerimiz_alt-300x168.jpg 300w, https:\/\/sgdd.org.tr\/wp-content\/uploads\/2021\/02\/sgdd_degerlerimiz_alt-768x431.jpg 768w, https:\/\/sgdd.org.tr\/wp-content\/uploads\/2021\/02\/sgdd_degerlerimiz_alt.jpg 1442w\" sizes=\"(max-width: 800px) 100vw, 800px\" \/>\t\t\t\t\t\t\t\t\t\t\t\t\t\t\t<\/div>\n\t\t\t\t<\/div>\n\t\t\t\t\t<\/div>\n\t\t<\/div>\n\t\t\t\t\t<\/div>\n\t\t<\/section>\n\t\t\t\t<\/div>\n\t\t","protected":false},"excerpt":{"rendered":"<p>TRY BANK ACCOUNT INFORMATION Account Holder:\u00a0SI\u011eINMACI VE G\u00d6\u00c7MENLERLE DAYANI\u015eMA DERNE\u011e\u0130 Name and Place of the Bank:\u00a0AKBANK T.A.\u015e. \/ \u00c7AYYOLU MAH. 8. CAD. 16. SOKAK HEK\u0130MK\u00d6Y S\u0130TES\u0130 NO:3 \u00dcM\u0130TK\u00d6Y\/\u00c7ANKAYA\/ANKARA\/T\u00dcRK\u0130YE Account Currency:\u00a0TRY Bank Code:\u00a00744 Swift Code:\u00a0AKBKTRIS IBAN:\u00a0TR22 0004 6007 4488 8000 0756\u00a046 Explanation:\u00a0DONATION USD BANK ACCOUNT INFORMATION Account Holder:\u00a0SI\u011eINMACI VE G\u00d6\u00c7MENLERLE DAYANI\u015eMA DERNE\u011e\u0130 Name and Place of [&hellip;]<\/p>\n","protected":false},"author":2,"featured_media":0,"parent":0,"menu_order":0,"comment_status":"closed","ping_status":"closed","template":"","meta":{"_acf_changed":false,"footnotes":""},"class_list":["post-36432","page","type-page","status-publish","hentry"],"acf":[],"_links":{"self":[{"href":"https:\/\/sgdd.org.tr\/en\/wp-json\/wp\/v2\/pages\/36432","targetHints":{"allow":["GET"]}}],"collection":[{"href":"https:\/\/sgdd.org.tr\/en\/wp-json\/wp\/v2\/pages"}],"about":[{"href":"https:\/\/sgdd.org.tr\/en\/wp-json\/wp\/v2\/types\/page"}],"author":[{"embeddable":true,"href":"https:\/\/sgdd.org.tr\/en\/wp-json\/wp\/v2\/users\/2"}],"replies":[{"embeddable":true,"href":"https:\/\/sgdd.org.tr\/en\/wp-json\/wp\/v2\/comments?post=36432"}],"version-history":[{"count":2,"href":"https:\/\/sgdd.org.tr\/en\/wp-json\/wp\/v2\/pages\/36432\/revisions"}],"predecessor-version":[{"id":53966,"href":"https:\/\/sgdd.org.tr\/en\/wp-json\/wp\/v2\/pages\/36432\/revisions\/53966"}],"wp:attachment":[{"href":"https:\/\/sgdd.org.tr\/en\/wp-json\/wp\/v2\/media?parent=36432"}],"curies":[{"name":"wp","href":"https:\/\/api.w.org\/{rel}","templated":true}]}}