{"id":36783,"date":"2023-02-08T22:19:32","date_gmt":"2023-02-08T19:19:32","guid":{"rendered":"https:\/\/sgdd.org.tr\/%d1%96%d0%bd%d1%84%d0%be%d1%80%d0%bc%d0%b0%d1%86%d1%96%d1%8f-%d0%bf%d1%80%d0%be-%d0%b1%d0%b0%d0%bd%d0%ba%d1%96%d0%b2%d1%81%d1%8c%d0%ba%d0%b8%d0%b9-%d1%80%d0%b0%d1%85%d1%83%d0%bd%d0%be%d0%ba-asam\/"},"modified":"2023-03-01T10:59:34","modified_gmt":"2023-03-01T07:59:34","slug":"%d1%96%d0%bd%d1%84%d0%be%d1%80%d0%bc%d0%b0%d1%86%d1%96%d1%8f-%d0%bf%d1%80%d0%be-%d0%b1%d0%b0%d0%bd%d0%ba%d1%96%d0%b2%d1%81%d1%8c%d0%ba%d0%b8%d0%b9-%d1%80%d0%b0%d1%85%d1%83%d0%bd%d0%be%d0%ba-asam","status":"publish","type":"page","link":"https:\/\/sgdd.org.tr\/uk\/%d1%96%d0%bd%d1%84%d0%be%d1%80%d0%bc%d0%b0%d1%86%d1%96%d1%8f-%d0%bf%d1%80%d0%be-%d0%b1%d0%b0%d0%bd%d0%ba%d1%96%d0%b2%d1%81%d1%8c%d0%ba%d0%b8%d0%b9-%d1%80%d0%b0%d1%85%d1%83%d0%bd%d0%be%d0%ba-asam\/","title":{"rendered":"\u0406\u043d\u0444\u043e\u0440\u043c\u0430\u0446\u0456\u044f \u043f\u0440\u043e \u0431\u0430\u043d\u043a\u0456\u0432\u0441\u044c\u043a\u0438\u0439 \u0440\u0430\u0445\u0443\u043d\u043e\u043a ASAM \u0434\u043b\u044f \u043f\u043e\u0436\u0435\u0440\u0442\u0432"},"content":{"rendered":"\t\t<div data-elementor-type=\"wp-page\" data-elementor-id=\"36783\" class=\"elementor elementor-36783 elementor-34384\" data-elementor-post-type=\"page\">\n\t\t\t\t\t\t<section class=\"elementor-section elementor-top-section elementor-element elementor-element-e5ee501 elementor-section-boxed elementor-section-height-default elementor-section-height-default\" data-id=\"e5ee501\" data-element_type=\"section\" data-e-type=\"section\">\n\t\t\t\t\t\t<div class=\"elementor-container elementor-column-gap-default\">\n\t\t\t\t\t<div class=\"elementor-column elementor-col-66 elementor-top-column elementor-element elementor-element-78d9239\" data-id=\"78d9239\" data-element_type=\"column\" data-e-type=\"column\">\n\t\t\t<div class=\"elementor-widget-wrap elementor-element-populated\">\n\t\t\t\t\t\t<div class=\"elementor-element elementor-element-d184048 elementor-widget elementor-widget-heading\" data-id=\"d184048\" data-element_type=\"widget\" data-e-type=\"widget\" data-widget_type=\"heading.default\">\n\t\t\t\t<div class=\"elementor-widget-container\">\n\t\t\t\t\t<h3 class=\"elementor-heading-title elementor-size-default\">\u0406\u041d\u0424\u041e\u0420\u041c\u0410\u0426\u0406\u042f \u0411\u0410\u041d\u041a\u0406\u0412\u0421\u042c\u041a\u041e\u0413\u041e \u0420\u0410\u0425\u0423\u041d\u041a\u0423 \u0412 \u0422\u0423\u0420\u0415\u0426\u042c\u041a\u0406\u0425 \u041b\u0406\u0420\u0410\u0425<\/h3>\t\t\t\t<\/div>\n\t\t\t\t<\/div>\n\t\t\t\t<div class=\"elementor-element elementor-element-580bac9 elementor-widget elementor-widget-text-editor\" data-id=\"580bac9\" data-element_type=\"widget\" data-e-type=\"widget\" data-widget_type=\"text-editor.default\">\n\t\t\t\t<div class=\"elementor-widget-container\">\n\t\t\t\t\t\t\t\t\t<p><strong>\u0412\u043b\u0430\u0441\u043d\u0438\u043a \u0440\u0430\u0445\u0443\u043d\u043a\u0443:<\/strong> SI\u011eINMACI VE G\u00d6\u00c7MENLERLE DAYANI\u015eMA DERNE\u011e\u0130<\/p>\n<p><strong>\u041d\u0430\u0439\u043c\u0435\u043d\u0443\u0432\u0430\u043d\u043d\u044f \u0442\u0430 \u043c\u0456\u0441\u0446\u0435\u0437\u043d\u0430\u0445\u043e\u0434\u0436\u0435\u043d\u043d\u044f \u0431\u0430\u043d\u043a\u0443: <\/strong>AKBANK T.A.\u015e. \/ \u00c7AYYOLU MAH. 8. CAD. 16. SOKAK HEK\u0130MK\u00d6Y S\u0130TES\u0130 NO:3 \u00dcM\u0130TK\u00d6Y\/\u00c7ANKAYA\/ANKARA\/T\u00dcRK\u0130YE<\/p>\n<p><strong>\u0412\u0430\u043b\u044e\u0442\u0430 \u0440\u0430\u0445\u0443\u043d\u043a\u0443: <\/strong>TRY<\/p>\n<p><strong>\u041a\u043e\u0434 \u0431\u0430\u043d\u043a\u0443: <\/strong>0744<\/p>\n<p><strong>Swift \u043a\u043e\u0434:\u00a0<\/strong>AKBKTRIS<\/p>\n<p><strong>IBAN:<\/strong>\u00a0TR22 0004 6007 4488 8000 0756\u00a046<\/p>\n<p><strong>\u041f\u043e\u044f\u0441\u043d\u0435\u043d\u043d\u044f:<\/strong>\u00a0<strong>DONATION<\/strong><\/p>\n\t\t\t\t\t\t\t\t<\/div>\n\t\t\t\t<\/div>\n\t\t\t\t<div class=\"elementor-element elementor-element-4b56318 elementor-widget-divider--view-line elementor-widget elementor-widget-divider\" data-id=\"4b56318\" data-element_type=\"widget\" data-e-type=\"widget\" data-widget_type=\"divider.default\">\n\t\t\t\t<div class=\"elementor-widget-container\">\n\t\t\t\t\t\t\t<div class=\"elementor-divider\">\n\t\t\t<span class=\"elementor-divider-separator\">\n\t\t\t\t\t\t<\/span>\n\t\t<\/div>\n\t\t\t\t\t\t<\/div>\n\t\t\t\t<\/div>\n\t\t\t\t<div class=\"elementor-element elementor-element-acb458a elementor-widget elementor-widget-heading\" data-id=\"acb458a\" data-element_type=\"widget\" data-e-type=\"widget\" data-widget_type=\"heading.default\">\n\t\t\t\t<div class=\"elementor-widget-container\">\n\t\t\t\t\t<h3 class=\"elementor-heading-title elementor-size-default\">\u0406\u041d\u0424\u041e\u0420\u041c\u0410\u0426\u0406\u042f \u0411\u0410\u041d\u041a\u0406\u0412\u0421\u042c\u041a\u041e\u0413\u041e \u0420\u0410\u0425\u0423\u041d\u041a\u0423 \u0412 \u0414\u041e\u041b\u0410\u0420\u0410\u0425 \u0421\u0428\u0410<\/h3>\t\t\t\t<\/div>\n\t\t\t\t<\/div>\n\t\t\t\t<div class=\"elementor-element elementor-element-c117a19 elementor-widget elementor-widget-text-editor\" data-id=\"c117a19\" data-element_type=\"widget\" data-e-type=\"widget\" data-widget_type=\"text-editor.default\">\n\t\t\t\t<div class=\"elementor-widget-container\">\n\t\t\t\t\t\t\t\t\t<p><strong>\u0412\u043b\u0430\u0441\u043d\u0438\u043a \u0440\u0430\u0445\u0443\u043d\u043a\u0443:<\/strong> SI\u011eINMACI VE G\u00d6\u00c7MENLERLE DAYANI\u015eMA DERNE\u011e\u0130<\/p>\n<p><strong>\u041d\u0430\u0439\u043c\u0435\u043d\u0443\u0432\u0430\u043d\u043d\u044f \u0442\u0430 \u043c\u0456\u0441\u0446\u0435\u0437\u043d\u0430\u0445\u043e\u0434\u0436\u0435\u043d\u043d\u044f \u0431\u0430\u043d\u043a\u0443: <\/strong>AKBANK T.A.\u015e. \/ \u00c7AYYOLU MAH. 8. CAD. 16. SOKAK HEK\u0130MK\u00d6Y S\u0130TES\u0130 NO:3 \u00dcM\u0130TK\u00d6Y\/\u00c7ANKAYA\/ANKARA\/T\u00dcRK\u0130YE<\/p>\n<p><strong>\u0412\u0430\u043b\u044e\u0442\u0430 \u0440\u0430\u0445\u0443\u043d\u043a\u0443: <\/strong>USD<\/p>\n<p><strong>\u041a\u043e\u0434 \u0431\u0430\u043d\u043a\u0443: <\/strong>0744<\/p>\n<p><strong>Swift \u043a\u043e\u0434: <\/strong>AKBKTRIS<\/p>\n<p><strong>IBAN:<\/strong>\u00a0TR64 0004 6007 4400 1000 1069\u00a088<\/p>\n<p><strong>\u041f\u043e\u044f\u0441\u043d\u0435\u043d\u043d\u044f:<\/strong> <strong>DONATION<\/strong><\/p>\n\t\t\t\t\t\t\t\t<\/div>\n\t\t\t\t<\/div>\n\t\t\t\t<div class=\"elementor-element elementor-element-1f36c14 elementor-widget-divider--view-line elementor-widget elementor-widget-divider\" data-id=\"1f36c14\" data-element_type=\"widget\" data-e-type=\"widget\" data-widget_type=\"divider.default\">\n\t\t\t\t<div class=\"elementor-widget-container\">\n\t\t\t\t\t\t\t<div class=\"elementor-divider\">\n\t\t\t<span class=\"elementor-divider-separator\">\n\t\t\t\t\t\t<\/span>\n\t\t<\/div>\n\t\t\t\t\t\t<\/div>\n\t\t\t\t<\/div>\n\t\t\t\t<div class=\"elementor-element elementor-element-5c9ca8e elementor-widget elementor-widget-heading\" data-id=\"5c9ca8e\" data-element_type=\"widget\" data-e-type=\"widget\" data-widget_type=\"heading.default\">\n\t\t\t\t<div class=\"elementor-widget-container\">\n\t\t\t\t\t<h3 class=\"elementor-heading-title elementor-size-default\">\u0406\u041d\u0424\u041e\u0420\u041c\u0410\u0426\u0406\u042f \u041f\u0420\u041e \u0411\u0410\u041d\u041a\u0406\u0412\u0421\u042c\u041a\u0418\u0419 \u0420\u0410\u0425\u0423\u041d\u041e\u041a \u0412 \u0404\u0412\u0420\u041e<\/h3>\t\t\t\t<\/div>\n\t\t\t\t<\/div>\n\t\t\t\t<div class=\"elementor-element elementor-element-47d0b86 elementor-widget elementor-widget-text-editor\" data-id=\"47d0b86\" data-element_type=\"widget\" data-e-type=\"widget\" data-widget_type=\"text-editor.default\">\n\t\t\t\t<div class=\"elementor-widget-container\">\n\t\t\t\t\t\t\t\t\t<p><strong>\u0412\u043b\u0430\u0441\u043d\u0438\u043a \u0440\u0430\u0445\u0443\u043d\u043a\u0443:<\/strong> SI\u011eINMACI VE G\u00d6\u00c7MENLERLE DAYANI\u015eMA DERNE\u011e\u0130<\/p>\n<p><strong>\u041d\u0430\u0439\u043c\u0435\u043d\u0443\u0432\u0430\u043d\u043d\u044f \u0442\u0430 \u043c\u0456\u0441\u0446\u0435\u0437\u043d\u0430\u0445\u043e\u0434\u0436\u0435\u043d\u043d\u044f \u0431\u0430\u043d\u043a\u0443: <\/strong>AKBANK T.A.\u015e. \/ \u00c7AYYOLU MAH. 8. CAD. 16. SOKAK HEK\u0130MK\u00d6Y S\u0130TES\u0130 NO:3 \u00dcM\u0130TK\u00d6Y\/\u00c7ANKAYA\/ANKARA\/T\u00dcRK\u0130YE<\/p>\n<p><strong>\u0412\u0430\u043b\u044e\u0442\u0430 \u0440\u0430\u0445\u0443\u043d\u043a\u0443: <\/strong>EUR<\/p>\n<p><strong>\u041a\u043e\u0434 \u0431\u0430\u043d\u043a\u0443: <\/strong>0744<\/p>\n<p><strong>Swift \u043a\u043e\u0434: <\/strong>AKBKTRIS<\/p>\n<p><strong>IBAN:<\/strong>\u00a0TR32 0004 6007 4403 6000 0807\u00a066<\/p>\n<p><strong>\u041f\u043e\u044f\u0441\u043d\u0435\u043d\u043d\u044f:<\/strong> <strong>DONATION<\/strong><\/p>\n\t\t\t\t\t\t\t\t<\/div>\n\t\t\t\t<\/div>\n\t\t\t\t<div class=\"elementor-element elementor-element-cd2baaa elementor-widget-divider--view-line elementor-widget elementor-widget-divider\" data-id=\"cd2baaa\" data-element_type=\"widget\" data-e-type=\"widget\" data-widget_type=\"divider.default\">\n\t\t\t\t<div class=\"elementor-widget-container\">\n\t\t\t\t\t\t\t<div class=\"elementor-divider\">\n\t\t\t<span class=\"elementor-divider-separator\">\n\t\t\t\t\t\t<\/span>\n\t\t<\/div>\n\t\t\t\t\t\t<\/div>\n\t\t\t\t<\/div>\n\t\t\t\t<div class=\"elementor-element elementor-element-88398a6 elementor-widget elementor-widget-heading\" data-id=\"88398a6\" data-element_type=\"widget\" data-e-type=\"widget\" data-widget_type=\"heading.default\">\n\t\t\t\t<div class=\"elementor-widget-container\">\n\t\t\t\t\t<h3 class=\"elementor-heading-title elementor-size-default\">\u0406\u041d\u0424\u041e\u0420\u041c\u0410\u0426\u0406\u042f \u041f\u0420\u041e \u0411\u0410\u041d\u041a\u0406\u0412\u0421\u042c\u041a\u0418\u0419 \u0420\u0410\u0425\u0423\u041d\u041e\u041a \u0443 GBP<\/h3>\t\t\t\t<\/div>\n\t\t\t\t<\/div>\n\t\t\t\t<div class=\"elementor-element elementor-element-5c7b6d6 elementor-widget elementor-widget-text-editor\" data-id=\"5c7b6d6\" data-element_type=\"widget\" data-e-type=\"widget\" data-widget_type=\"text-editor.default\">\n\t\t\t\t<div class=\"elementor-widget-container\">\n\t\t\t\t\t\t\t\t\t<p><strong>\u0412\u043b\u0430\u0441\u043d\u0438\u043a \u0440\u0430\u0445\u0443\u043d\u043a\u0443:<\/strong> SI\u011eINMACI VE G\u00d6\u00c7MENLERLE DAYANI\u015eMA DERNE\u011e\u0130<\/p>\n<p><strong>\u041d\u0430\u0439\u043c\u0435\u043d\u0443\u0432\u0430\u043d\u043d\u044f \u0442\u0430 \u043c\u0456\u0441\u0446\u0435\u0437\u043d\u0430\u0445\u043e\u0434\u0436\u0435\u043d\u043d\u044f \u0431\u0430\u043d\u043a\u0443: <\/strong>AKBANK T.A.\u015e. \/ \u00c7AYYOLU MAH. 8. CAD. 16. SOKAK HEK\u0130MK\u00d6Y S\u0130TES\u0130 NO:3 \u00dcM\u0130TK\u00d6Y\/\u00c7ANKAYA\/ANKARA\/T\u00dcRK\u0130YE<\/p>\n<p><strong>\u0412\u0430\u043b\u044e\u0442\u0430 \u0440\u0430\u0445\u0443\u043d\u043a\u0443: <\/strong>GBP<\/p>\n<p><strong>\u041a\u043e\u0434 \u0431\u0430\u043d\u043a\u0443:<\/strong><strong>\u00a0<\/strong>0744<\/p>\n<p><strong>Swift \u043a\u043e\u0434: <\/strong>AKBKTRIS<\/p>\n<p><strong>IBAN: <\/strong>TR18 0004 6007 4400 3000 0790 36<\/p>\n<p><strong>\u041f\u043e\u044f\u0441\u043d\u0435\u043d\u043d\u044f:<\/strong> <strong>DONATION<\/strong><\/p>\n\t\t\t\t\t\t\t\t<\/div>\n\t\t\t\t<\/div>\n\t\t\t\t\t<\/div>\n\t\t<\/div>\n\t\t\t\t<div class=\"elementor-column elementor-col-33 elementor-top-column elementor-element elementor-element-114c8b1\" data-id=\"114c8b1\" data-element_type=\"column\" data-e-type=\"column\">\n\t\t\t<div class=\"elementor-widget-wrap elementor-element-populated\">\n\t\t\t\t\t\t<section class=\"elementor-section elementor-inner-section elementor-element elementor-element-efa9310 elementor-section-boxed elementor-section-height-default elementor-section-height-default\" data-id=\"efa9310\" data-element_type=\"section\" data-e-type=\"section\" data-settings=\"{&quot;background_background&quot;:&quot;classic&quot;}\">\n\t\t\t\t\t\t<div class=\"elementor-container elementor-column-gap-default\">\n\t\t\t\t\t<div class=\"elementor-column elementor-col-100 elementor-inner-column elementor-element elementor-element-5e5a2f4\" data-id=\"5e5a2f4\" data-element_type=\"column\" data-e-type=\"column\" data-settings=\"{&quot;background_background&quot;:&quot;classic&quot;}\">\n\t\t\t<div class=\"elementor-widget-wrap elementor-element-populated\">\n\t\t\t\t\t\t<div class=\"elementor-element elementor-element-789995a elementor-widget elementor-widget-global elementor-global-5257 elementor-widget-heading\" data-id=\"789995a\" data-element_type=\"widget\" data-e-type=\"widget\" data-widget_type=\"heading.default\">\n\t\t\t\t<div class=\"elementor-widget-container\">\n\t\t\t\t\t<h3 class=\"elementor-heading-title elementor-size-default\">Haberdar olun!<\/h3>\t\t\t\t<\/div>\n\t\t\t\t<\/div>\n\t\t\t\t<div class=\"elementor-element elementor-element-4ce4846 elementor-widget elementor-widget-global elementor-global-5270 elementor-widget-text-editor\" data-id=\"4ce4846\" data-element_type=\"widget\" data-e-type=\"widget\" data-widget_type=\"text-editor.default\">\n\t\t\t\t<div class=\"elementor-widget-container\">\n\t\t\t\t\t\t\t\t\t<p>Haftal\u0131k mail b\u00fcltenimize abone olun ve SGDD-ASAM&#8217;dan gelen haberleri ilk siz okuyun.<\/p>\t\t\t\t\t\t\t\t<\/div>\n\t\t\t\t<\/div>\n\t\t\t\t<div class=\"elementor-element elementor-element-ef8fd9b elementor-button-align-center elementor-widget elementor-widget-global elementor-global-5263 elementor-widget-form\" data-id=\"ef8fd9b\" data-element_type=\"widget\" data-e-type=\"widget\" data-settings=\"{&quot;step_next_label&quot;:&quot;Sonraki&quot;,&quot;step_previous_label&quot;:&quot;\\u00d6nceki&quot;,&quot;button_width&quot;:&quot;100&quot;,&quot;step_type&quot;:&quot;number_text&quot;,&quot;step_icon_shape&quot;:&quot;circle&quot;}\" data-widget_type=\"form.default\">\n\t\t\t\t<div class=\"elementor-widget-container\">\n\t\t\t\t\t\t\t<form class=\"elementor-form\" method=\"post\" name=\"Haftal\u0131k eposta\" aria-label=\"Haftal\u0131k eposta\">\n\t\t\t<input type=\"hidden\" name=\"post_id\" value=\"36783\"\/>\n\t\t\t<input type=\"hidden\" name=\"form_id\" value=\"ef8fd9b\"\/>\n\t\t\t<input type=\"hidden\" name=\"referer_title\" value=\"\" \/>\n\n\t\t\t\n\t\t\t<div class=\"elementor-form-fields-wrapper elementor-labels-\">\n\t\t\t\t\t\t\t\t<div class=\"elementor-field-type-email elementor-field-group elementor-column elementor-field-group-email elementor-col-100 elementor-field-required\">\n\t\t\t\t\t\t\t\t\t\t\t\t<label for=\"form-field-email\" class=\"elementor-field-label elementor-screen-only\">\n\t\t\t\t\t\t\t\tEmail\t\t\t\t\t\t\t<\/label>\n\t\t\t\t\t\t\t\t\t\t\t\t\t\t<input size=\"1\" type=\"email\" name=\"form_fields[email]\" id=\"form-field-email\" class=\"elementor-field elementor-size-sm  elementor-field-textual\" placeholder=\"e-posta\" required=\"required\">\n\t\t\t\t\t\t\t\t\t\t\t<\/div>\n\t\t\t\t\t\t\t\t<div class=\"elementor-field-group elementor-column elementor-field-type-submit elementor-col-100 e-form__buttons\">\n\t\t\t\t\t<button class=\"elementor-button elementor-size-sm\" type=\"submit\">\n\t\t\t\t\t\t<span class=\"elementor-button-content-wrapper\">\n\t\t\t\t\t\t\t\t\t\t\t\t\t\t\t\t\t\t\t\t\t\t<span class=\"elementor-button-text\">ABONE OL<\/span>\n\t\t\t\t\t\t\t\t\t\t\t\t\t<\/span>\n\t\t\t\t\t<\/button>\n\t\t\t\t<\/div>\n\t\t\t<\/div>\n\t\t<\/form>\n\t\t\t\t\t\t<\/div>\n\t\t\t\t<\/div>\n\t\t\t\t\t<\/div>\n\t\t<\/div>\n\t\t\t\t\t<\/div>\n\t\t<\/section>\n\t\t\t\t<div class=\"elementor-element elementor-element-9a6cbf8 elementor-widget elementor-widget-image\" data-id=\"9a6cbf8\" data-element_type=\"widget\" data-e-type=\"widget\" data-widget_type=\"image.default\">\n\t\t\t\t<div class=\"elementor-widget-container\">\n\t\t\t\t\t\t\t\t\t\t\t\t\t\t\t<img fetchpriority=\"high\" decoding=\"async\" width=\"800\" height=\"448\" src=\"https:\/\/sgdd.org.tr\/wp-content\/uploads\/2021\/02\/sgdd_degerlerimiz_alt-1024x574.jpg\" class=\"attachment-large size-large wp-image-46594\" alt=\"\" srcset=\"https:\/\/sgdd.org.tr\/wp-content\/uploads\/2021\/02\/sgdd_degerlerimiz_alt-1024x574.jpg 1024w, https:\/\/sgdd.org.tr\/wp-content\/uploads\/2021\/02\/sgdd_degerlerimiz_alt-300x168.jpg 300w, https:\/\/sgdd.org.tr\/wp-content\/uploads\/2021\/02\/sgdd_degerlerimiz_alt-768x431.jpg 768w, https:\/\/sgdd.org.tr\/wp-content\/uploads\/2021\/02\/sgdd_degerlerimiz_alt.jpg 1442w\" sizes=\"(max-width: 800px) 100vw, 800px\" \/>\t\t\t\t\t\t\t\t\t\t\t\t\t\t\t<\/div>\n\t\t\t\t<\/div>\n\t\t\t\t\t<\/div>\n\t\t<\/div>\n\t\t\t\t\t<\/div>\n\t\t<\/section>\n\t\t\t\t<\/div>\n\t\t","protected":false},"excerpt":{"rendered":"<p>\u0406\u041d\u0424\u041e\u0420\u041c\u0410\u0426\u0406\u042f \u0411\u0410\u041d\u041a\u0406\u0412\u0421\u042c\u041a\u041e\u0413\u041e \u0420\u0410\u0425\u0423\u041d\u041a\u0423 \u0412 \u0422\u0423\u0420\u0415\u0426\u042c\u041a\u0406\u0425 \u041b\u0406\u0420\u0410\u0425 \u0412\u043b\u0430\u0441\u043d\u0438\u043a \u0440\u0430\u0445\u0443\u043d\u043a\u0443: SI\u011eINMACI VE G\u00d6\u00c7MENLERLE DAYANI\u015eMA DERNE\u011e\u0130 \u041d\u0430\u0439\u043c\u0435\u043d\u0443\u0432\u0430\u043d\u043d\u044f \u0442\u0430 \u043c\u0456\u0441\u0446\u0435\u0437\u043d\u0430\u0445\u043e\u0434\u0436\u0435\u043d\u043d\u044f \u0431\u0430\u043d\u043a\u0443: AKBANK T.A.\u015e. \/ \u00c7AYYOLU MAH. 8. CAD. 16. SOKAK HEK\u0130MK\u00d6Y S\u0130TES\u0130 NO:3 \u00dcM\u0130TK\u00d6Y\/\u00c7ANKAYA\/ANKARA\/T\u00dcRK\u0130YE \u0412\u0430\u043b\u044e\u0442\u0430 \u0440\u0430\u0445\u0443\u043d\u043a\u0443: TRY \u041a\u043e\u0434 \u0431\u0430\u043d\u043a\u0443: 0744 Swift \u043a\u043e\u0434:\u00a0AKBKTRIS IBAN:\u00a0TR22 0004 6007 4488 8000 0756\u00a046 \u041f\u043e\u044f\u0441\u043d\u0435\u043d\u043d\u044f:\u00a0DONATION \u0406\u041d\u0424\u041e\u0420\u041c\u0410\u0426\u0406\u042f \u0411\u0410\u041d\u041a\u0406\u0412\u0421\u042c\u041a\u041e\u0413\u041e \u0420\u0410\u0425\u0423\u041d\u041a\u0423 \u0412 \u0414\u041e\u041b\u0410\u0420\u0410\u0425 \u0421\u0428\u0410 \u0412\u043b\u0430\u0441\u043d\u0438\u043a \u0440\u0430\u0445\u0443\u043d\u043a\u0443: SI\u011eINMACI VE [&hellip;]<\/p>\n","protected":false},"author":2,"featured_media":0,"parent":0,"menu_order":0,"comment_status":"closed","ping_status":"closed","template":"","meta":{"_acf_changed":false,"footnotes":""},"class_list":["post-36783","page","type-page","status-publish","hentry"],"acf":[],"_links":{"self":[{"href":"https:\/\/sgdd.org.tr\/uk\/wp-json\/wp\/v2\/pages\/36783","targetHints":{"allow":["GET"]}}],"collection":[{"href":"https:\/\/sgdd.org.tr\/uk\/wp-json\/wp\/v2\/pages"}],"about":[{"href":"https:\/\/sgdd.org.tr\/uk\/wp-json\/wp\/v2\/types\/page"}],"author":[{"embeddable":true,"href":"https:\/\/sgdd.org.tr\/uk\/wp-json\/wp\/v2\/users\/2"}],"replies":[{"embeddable":true,"href":"https:\/\/sgdd.org.tr\/uk\/wp-json\/wp\/v2\/comments?post=36783"}],"version-history":[{"count":0,"href":"https:\/\/sgdd.org.tr\/uk\/wp-json\/wp\/v2\/pages\/36783\/revisions"}],"wp:attachment":[{"href":"https:\/\/sgdd.org.tr\/uk\/wp-json\/wp\/v2\/media?parent=36783"}],"curies":[{"name":"wp","href":"https:\/\/api.w.org\/{rel}","templated":true}]}}